{"id":159,"date":"2025-09-21T16:09:36","date_gmt":"2025-09-21T14:09:36","guid":{"rendered":"https:\/\/chrysaelle.fr\/?page_id=159"},"modified":"2025-10-25T16:02:54","modified_gmt":"2025-10-25T14:02:54","slug":"pour-me-contacter","status":"publish","type":"page","link":"https:\/\/chrysaelle.fr\/?page_id=159","title":{"rendered":"Pour me contacter&#8230;"},"content":{"rendered":"\n<p>N&rsquo;h\u00e9sitez pas \u00e0 me contacter par mail ou par t\u00e9l\u00e9phone pour tout renseignement concernant mes prestations, s&rsquo;il vous manque une information pratique, si vous rencontrez des difficult\u00e9s pour r\u00e9server en ligne, etc.<\/p>\n\n\n\n<figure class=\"wp-block-image size-full is-resized\"><img loading=\"lazy\" decoding=\"async\" width=\"350\" height=\"350\" src=\"https:\/\/chrysaelle.fr\/wp-content\/uploads\/2025\/10\/contact_violet_v2.png\" alt=\"\" class=\"wp-image-319\" style=\"width:421px;height:auto\" srcset=\"https:\/\/chrysaelle.fr\/wp-content\/uploads\/2025\/10\/contact_violet_v2.png 350w, https:\/\/chrysaelle.fr\/wp-content\/uploads\/2025\/10\/contact_violet_v2-300x300.png 300w, https:\/\/chrysaelle.fr\/wp-content\/uploads\/2025\/10\/contact_violet_v2-150x150.png 150w, https:\/\/chrysaelle.fr\/wp-content\/uploads\/2025\/10\/contact_violet_v2-100x100.png 100w\" sizes=\"auto, (max-width: 350px) 100vw, 350px\" \/><\/figure>\n","protected":false},"excerpt":{"rendered":"<p>N&rsquo;h\u00e9sitez pas \u00e0 me contacter par mail ou par t\u00e9l\u00e9phone pour tout renseignement concernant mes prestations, s&rsquo;il vous manque une information pratique, si vous rencontrez des difficult\u00e9s pour r\u00e9server en ligne, etc.<\/p>\n","protected":false},"author":1,"featured_media":0,"parent":0,"menu_order":0,"comment_status":"closed","ping_status":"closed","template":"","meta":{"footnotes":""},"class_list":["post-159","page","type-page","status-publish","hentry"],"jetpack_sharing_enabled":true,"_links":{"self":[{"href":"https:\/\/chrysaelle.fr\/index.php?rest_route=\/wp\/v2\/pages\/159","targetHints":{"allow":["GET"]}}],"collection":[{"href":"https:\/\/chrysaelle.fr\/index.php?rest_route=\/wp\/v2\/pages"}],"about":[{"href":"https:\/\/chrysaelle.fr\/index.php?rest_route=\/wp\/v2\/types\/page"}],"author":[{"embeddable":true,"href":"https:\/\/chrysaelle.fr\/index.php?rest_route=\/wp\/v2\/users\/1"}],"replies":[{"embeddable":true,"href":"https:\/\/chrysaelle.fr\/index.php?rest_route=%2Fwp%2Fv2%2Fcomments&post=159"}],"version-history":[{"count":6,"href":"https:\/\/chrysaelle.fr\/index.php?rest_route=\/wp\/v2\/pages\/159\/revisions"}],"predecessor-version":[{"id":320,"href":"https:\/\/chrysaelle.fr\/index.php?rest_route=\/wp\/v2\/pages\/159\/revisions\/320"}],"wp:attachment":[{"href":"https:\/\/chrysaelle.fr\/index.php?rest_route=%2Fwp%2Fv2%2Fmedia&parent=159"}],"curies":[{"name":"wp","href":"https:\/\/api.w.org\/{rel}","templated":true}]}}