{"id":176,"date":"2025-09-21T16:45:31","date_gmt":"2025-09-21T14:45:31","guid":{"rendered":"https:\/\/chrysaelle.fr\/?page_id=176"},"modified":"2025-12-13T17:44:12","modified_gmt":"2025-12-13T16:44:12","slug":"informations-pratiques","status":"publish","type":"page","link":"https:\/\/chrysaelle.fr\/?page_id=176","title":{"rendered":"Informations pratiques"},"content":{"rendered":"\n<p>Actuellement, les prises de RDV se font les lundi, mardi, jeudi, vendredi, matin ou d\u00e9but d&rsquo;apr\u00e8s-midi. Un calendrier vous permettant de choisir le cr\u00e9neau horaire de votre choix est pr\u00e9sent sur la page de validation de commande.<\/p>\n\n\n\n<p>Pour les prestations \u00e0 domicile, vous trouverez ci-dessous la liste des communes dans lesquelles je me d\u00e9place.<\/p>\n\n\n\n<p>Zone 1 : Charentilly, La Membrolle sur Choisille, Mettray, Saint Antoine du Rocher, Saint Roch, Semblan\u00e7ay<\/p>\n\n\n\n<p>Zone 2 : Cerelles, Chanceaux sur Choisille, Fondettes, Langennerie, Neuill\u00e9 Pont Pierre, Notre Dame d\u2019O\u00e9, Pernay, Rouziers de Touraine, Saint Cyr sur Loire, Tours nord (Saint Symphorien)<\/p>\n\n\n\n<p>Zone 3 : Ambillou, Beaumont la Ronce, Luynes, Neuvy le Roi, Saint Christophe sur le Nais, Saint Genouph, Saint Paterne Racan, Sonzay, Souvign\u00e9, Tours nord (Sainte Radegonde)<\/p>\n\n\n\n<p>Zone 4 : Ballan Mir\u00e9, Br\u00e8ches, Ch\u00e2teau La Valli\u00e8re, Cl\u00e9r\u00e9 les Pins, Couesmes, Par\u00e7ay Meslay, Saint Etienne de Chigny, Savonni\u00e8res<\/p>\n\n\n\n<p><\/p>\n\n\n\n<p>Si la prestation s\u00e9lectionn\u00e9e n\u00e9cessite un d\u00e9placement, les frais de d\u00e9placement s&rsquo;appliquent au moment de la validation de la commande en fonction de votre commune de r\u00e9sidence. Pour certaines prestations n\u00e9cessitant le port de charges lourdes, il y a des restrictions applicables (indiqu\u00e9es sur la fiche de la prestation le cas \u00e9ch\u00e9ant).<\/p>\n\n\n\n<p>Les r\u00e9servations en lignes sont possibles uniquement si vous r\u00e9sidez dans l&rsquo;une de ces communes (sauf Design Humain 100% \u00e0 distance) et aux cr\u00e9neaux horaires donn\u00e9s \u00e0 titre informatif ci-dessus (les disponibilit\u00e9s en temps r\u00e9el sont consultables sur la page de validation de commande). Si vous r\u00e9sidez dans une autre commune ou pour un cr\u00e9neau horaire particulier, merci de me contacter afin de voir si une prestation est r\u00e9alisable chez vous et sous quelles conditions.<\/p>\n","protected":false},"excerpt":{"rendered":"<p>Actuellement, les prises de RDV se font les lundi, mardi, jeudi, vendredi, matin ou d\u00e9but d&rsquo;apr\u00e8s-midi. Un calendrier vous permettant de choisir le cr\u00e9neau horaire de votre choix est pr\u00e9sent sur la page de validation de commande. Pour les prestations \u00e0 domicile, vous trouverez ci-dessous la liste des communes dans lesquelles je me d\u00e9place. Zone [&hellip;]<\/p>\n","protected":false},"author":1,"featured_media":0,"parent":0,"menu_order":0,"comment_status":"closed","ping_status":"closed","template":"","meta":{"footnotes":""},"class_list":["post-176","page","type-page","status-publish","hentry"],"jetpack_sharing_enabled":true,"_links":{"self":[{"href":"https:\/\/chrysaelle.fr\/index.php?rest_route=\/wp\/v2\/pages\/176","targetHints":{"allow":["GET"]}}],"collection":[{"href":"https:\/\/chrysaelle.fr\/index.php?rest_route=\/wp\/v2\/pages"}],"about":[{"href":"https:\/\/chrysaelle.fr\/index.php?rest_route=\/wp\/v2\/types\/page"}],"author":[{"embeddable":true,"href":"https:\/\/chrysaelle.fr\/index.php?rest_route=\/wp\/v2\/users\/1"}],"replies":[{"embeddable":true,"href":"https:\/\/chrysaelle.fr\/index.php?rest_route=%2Fwp%2Fv2%2Fcomments&post=176"}],"version-history":[{"count":10,"href":"https:\/\/chrysaelle.fr\/index.php?rest_route=\/wp\/v2\/pages\/176\/revisions"}],"predecessor-version":[{"id":370,"href":"https:\/\/chrysaelle.fr\/index.php?rest_route=\/wp\/v2\/pages\/176\/revisions\/370"}],"wp:attachment":[{"href":"https:\/\/chrysaelle.fr\/index.php?rest_route=%2Fwp%2Fv2%2Fmedia&parent=176"}],"curies":[{"name":"wp","href":"https:\/\/api.w.org\/{rel}","templated":true}]}}