{"id":2,"date":"2025-09-05T12:32:00","date_gmt":"2025-09-05T12:32:00","guid":{"rendered":"http:\/\/chrysaelle.fr\/?page_id=2"},"modified":"2025-12-13T17:35:04","modified_gmt":"2025-12-13T16:35:04","slug":"sample-page","status":"publish","type":"page","link":"https:\/\/chrysaelle.fr\/","title":{"rendered":"Bienvenue dans l&rsquo;univers de Chrysa\u00eblle, accompagnement en p\u00e9rinatalit\u00e9, parentalit\u00e9 et bien-\u00eatre familial"},"content":{"rendered":"\n<p><\/p>\n\n\n\n<p>Bonjour!<\/p>\n\n\n\n<p>Je suis Ga\u00eblle, en couple et maman de deux jeunes enfants. Apr\u00e8s 13 ans d\u2019exp\u00e9rience professionnelle de pr\u00e9paratrice en pharmacie et conseils en officine, ma passion pour la parentalit\u00e9 m\u2019a naturellement guid\u00e9e vers une formation et une certification en p\u00e9rinatalit\u00e9.<\/p>\n\n\n\n<p><br>Au fil de mon parcours, j\u2019ai tiss\u00e9 des liens avec de nombreux professionnels de sant\u00e9, du bien-\u00eatre et de l\u2019enfant (Maison des parents, PMI, associations). Selon vos besoins, je peux vous orienter vers ces ressources bienveillantes.<\/p>\n\n\n\n<p>Aujourd\u2019hui, j\u2019ai \u00e0 coeur d\u2019accompagner les familles sur le chemin d\u2019une parentalit\u00e9 plus consciente, en vous invitant \u00e0 ralentir, \u00e0 \u00e9couter et \u00e0 ressentir&#8230;<br>Afin de vous aider \u00e0 vous connecter ou reconnecter \u00e0 vous, \u00e0 votre enfant, \u00e0 l\u2019essentiel.<\/p>\n\n\n\n<figure class=\"wp-block-image aligncenter size-full is-resized\"><img loading=\"lazy\" decoding=\"async\" width=\"249\" height=\"250\" src=\"https:\/\/chrysaelle.fr\/wp-content\/uploads\/2025\/10\/photo-accueil-redim.png\" alt=\"\" class=\"wp-image-334\" style=\"width:159px;height:auto\" srcset=\"https:\/\/chrysaelle.fr\/wp-content\/uploads\/2025\/10\/photo-accueil-redim.png 249w, https:\/\/chrysaelle.fr\/wp-content\/uploads\/2025\/10\/photo-accueil-redim-150x150.png 150w, https:\/\/chrysaelle.fr\/wp-content\/uploads\/2025\/10\/photo-accueil-redim-100x100.png 100w\" sizes=\"auto, (max-width: 249px) 100vw, 249px\" \/><\/figure>\n\n\n\n<p>Certaines prestations peuvent \u00eatre r\u00e9alis\u00e9es \u00e0 distance en totalit\u00e9 (Design Humain par exemple). Vous pouvez retrouver la liste des communes dans lesquelles je me d\u00e9place ainsi que des informations d&rsquo;ordre g\u00e9n\u00e9ral dans la rubrique \u00ab\u00a0Informations pratiques\u00a0\u00bb.<\/p>\n\n\n\n<p>Vous trouverez les diff\u00e9rents moyens de me contacter dans la rubrique \u00ab\u00a0Me contacter\u00a0\u00bb.<\/p>\n\n\n\n<p>Vous avez la possibilit\u00e9 de retrouver les prestations que je propose avec les d\u00e9tails organisationnels dans la rubrique \u00ab\u00a0Prestations\u00a0\u00bb puis en cliquant sur une prestation. La r\u00e9servation en ligne est une possibilit\u00e9 qui vous est offerte mais vous pouvez \u00e9galement me joindre par t\u00e9l\u00e9phone pour convenir d&rsquo;un rendez-vous ou pour les demandes particuli\u00e8res.<\/p>\n\n\n\n<p>N&rsquo;h\u00e9sitez pas \u00e0 me contacter pour tout renseignement compl\u00e9mentaire dont vous auriez besoin.<\/p>\n\n\n\n<p>A tr\u00e8s bient\u00f4t!<\/p>\n","protected":false},"excerpt":{"rendered":"<p>Bonjour! Je suis Ga\u00eblle, en couple et maman de deux jeunes enfants. Apr\u00e8s 13 ans d\u2019exp\u00e9rience professionnelle de pr\u00e9paratrice en pharmacie et conseils en officine, ma passion pour la parentalit\u00e9 m\u2019a naturellement guid\u00e9e vers une formation et une certification en p\u00e9rinatalit\u00e9. Au fil de mon parcours, j\u2019ai tiss\u00e9 des liens avec de nombreux professionnels de [&hellip;]<\/p>\n","protected":false},"author":1,"featured_media":0,"parent":0,"menu_order":1,"comment_status":"closed","ping_status":"open","template":"","meta":{"footnotes":""},"class_list":["post-2","page","type-page","status-publish","hentry"],"jetpack_sharing_enabled":true,"_links":{"self":[{"href":"https:\/\/chrysaelle.fr\/index.php?rest_route=\/wp\/v2\/pages\/2","targetHints":{"allow":["GET"]}}],"collection":[{"href":"https:\/\/chrysaelle.fr\/index.php?rest_route=\/wp\/v2\/pages"}],"about":[{"href":"https:\/\/chrysaelle.fr\/index.php?rest_route=\/wp\/v2\/types\/page"}],"author":[{"embeddable":true,"href":"https:\/\/chrysaelle.fr\/index.php?rest_route=\/wp\/v2\/users\/1"}],"replies":[{"embeddable":true,"href":"https:\/\/chrysaelle.fr\/index.php?rest_route=%2Fwp%2Fv2%2Fcomments&post=2"}],"version-history":[{"count":15,"href":"https:\/\/chrysaelle.fr\/index.php?rest_route=\/wp\/v2\/pages\/2\/revisions"}],"predecessor-version":[{"id":366,"href":"https:\/\/chrysaelle.fr\/index.php?rest_route=\/wp\/v2\/pages\/2\/revisions\/366"}],"wp:attachment":[{"href":"https:\/\/chrysaelle.fr\/index.php?rest_route=%2Fwp%2Fv2%2Fmedia&parent=2"}],"curies":[{"name":"wp","href":"https:\/\/api.w.org\/{rel}","templated":true}]}}