{"id":8,"date":"2025-09-07T10:10:22","date_gmt":"2025-09-07T10:10:22","guid":{"rendered":"http:\/\/chrysaelle.fr\/?page_id=8"},"modified":"2025-10-25T16:10:43","modified_gmt":"2025-10-25T14:10:43","slug":"panier","status":"publish","type":"page","link":"https:\/\/chrysaelle.fr\/?page_id=8","title":{"rendered":"Panier"},"content":{"rendered":"\n<div data-block-name=\"woocommerce\/cart\" class=\"wp-block-woocommerce-cart alignwide is-loading\">\n<div data-block-name=\"woocommerce\/filled-cart-block\" class=\"wp-block-woocommerce-filled-cart-block\">\n<div data-block-name=\"woocommerce\/cart-items-block\" class=\"wp-block-woocommerce-cart-items-block\">\n<div data-block-name=\"woocommerce\/cart-line-items-block\" class=\"wp-block-woocommerce-cart-line-items-block\"><\/div>\n\n\n\n<div data-block-name=\"woocommerce\/cart-cross-sells-block\" class=\"wp-block-woocommerce-cart-cross-sells-block\">\n<h2 class=\"wp-block-heading has-large-font-size\">\u00c7a peut vous int\u00e9resser&#8230;<\/h2>\n\n\n\n<div data-block-name=\"woocommerce\/cart-cross-sells-products-block\" class=\"wp-block-woocommerce-cart-cross-sells-products-block\"><\/div>\n<\/div>\n<\/div>\n\n\n\n<div data-block-name=\"woocommerce\/cart-totals-block\" class=\"wp-block-woocommerce-cart-totals-block\">\n<div data-block-name=\"woocommerce\/cart-order-summary-block\" class=\"wp-block-woocommerce-cart-order-summary-block\">\n<div data-block-name=\"woocommerce\/cart-order-summary-heading-block\" class=\"wp-block-woocommerce-cart-order-summary-heading-block\"><\/div><div data-block-name=\"woocommerce\/cart-order-summary-coupon-form-block\" class=\"wp-block-woocommerce-cart-order-summary-coupon-form-block\"><\/div><div data-block-name=\"woocommerce\/cart-order-summary-totals-block\" class=\"wp-block-woocommerce-cart-order-summary-totals-block\">\n<div data-block-name=\"woocommerce\/cart-order-summary-subtotal-block\" class=\"wp-block-woocommerce-cart-order-summary-subtotal-block\"><\/div>\n<div data-block-name=\"woocommerce\/cart-order-summary-discount-block\" class=\"wp-block-woocommerce-cart-order-summary-discount-block\"><\/div>\n<div data-block-name=\"woocommerce\/cart-order-summary-fee-block\" class=\"wp-block-woocommerce-cart-order-summary-fee-block\"><\/div>\n<div data-block-name=\"woocommerce\/cart-order-summary-shipping-block\" class=\"wp-block-woocommerce-cart-order-summary-shipping-block\"><\/div>\n<div data-block-name=\"woocommerce\/cart-order-summary-taxes-block\" class=\"wp-block-woocommerce-cart-order-summary-taxes-block\"><\/div><\/div>\n<\/div>\n\n\n\n<div data-block-name=\"woocommerce\/cart-express-payment-block\" class=\"wp-block-woocommerce-cart-express-payment-block\"><\/div>\n\n\n\n<div data-block-name=\"woocommerce\/proceed-to-checkout-block\" class=\"wp-block-woocommerce-proceed-to-checkout-block\"><\/div>\n\n\n\n<div data-block-name=\"woocommerce\/cart-accepted-payment-methods-block\" class=\"wp-block-woocommerce-cart-accepted-payment-methods-block\"><\/div>\n<\/div>\n<\/div>\n\n\n\n<div data-block-name=\"woocommerce\/empty-cart-block\" class=\"wp-block-woocommerce-empty-cart-block\">\n<h2 class=\"wp-block-heading has-text-align-center with-empty-cart-icon wc-block-cart__empty-cart__title\">Votre panier est actuellement vide\u00a0!<\/h2>\n\n\n\n<hr class=\"wp-block-separator has-alpha-channel-opacity is-style-dots\"\/>\n\n\n\n<h2 class=\"wp-block-heading has-text-align-center\">Nouveau dans la boutique<\/h2>\n\n\n<div data-block-name=\"woocommerce\/product-new\" data-columns=\"4\" data-rows=\"1\" class=\"wc-block-grid wp-block-product-new wp-block-woocommerce-product-new wc-block-product-new has-4-columns\"><ul class=\"wc-block-grid__products\"><li class=\"wc-block-grid__product\">\n\t\t\t\t<a href=\"https:\/\/chrysaelle.fr\/?product=decouverte-pour-1-personne-design-humain\" class=\"wc-block-grid__product-link\">\n\t\t\t\t\t\n\t\t\t\t\t<div class=\"wc-block-grid__product-image\"><img loading=\"lazy\" decoding=\"async\" width=\"300\" height=\"300\" src=\"https:\/\/chrysaelle.fr\/wp-content\/uploads\/2025\/09\/web_aquarelle_apaisement_c-300x300.png\" class=\"attachment-woocommerce_thumbnail size-woocommerce_thumbnail\" alt=\"D\u00e9couverte pour 1 personne : Design Humain\" srcset=\"https:\/\/chrysaelle.fr\/wp-content\/uploads\/2025\/09\/web_aquarelle_apaisement_c-300x300.png 300w, https:\/\/chrysaelle.fr\/wp-content\/uploads\/2025\/09\/web_aquarelle_apaisement_c-150x150.png 150w, https:\/\/chrysaelle.fr\/wp-content\/uploads\/2025\/09\/web_aquarelle_apaisement_c-600x600.png 600w, https:\/\/chrysaelle.fr\/wp-content\/uploads\/2025\/09\/web_aquarelle_apaisement_c-100x100.png 100w, https:\/\/chrysaelle.fr\/wp-content\/uploads\/2025\/09\/web_aquarelle_apaisement_c.png 634w\" sizes=\"auto, (max-width: 300px) 100vw, 300px\" \/><\/div>\n\t\t\t\t\t<div class=\"wc-block-grid__product-title\">D\u00e9couverte pour 1 personne : Design Humain<\/div>\n\t\t\t\t<\/a>\n\t\t\t\t<div class=\"wc-block-grid__product-price price\"><span class=\"woocommerce-Price-amount amount\">39,00&nbsp;<span class=\"woocommerce-Price-currencySymbol\">&euro;<\/span><\/span><\/div>\n\t\t\t\t\n\t\t\t\t<div class=\"wp-block-button wc-block-grid__product-add-to-cart\"><a href=\"\/index.php?rest_route=%2Fwp%2Fv2%2Fpages%2F8&#038;add-to-cart=340\" aria-label=\"Ajouter au panier\u00a0: &ldquo;D\u00e9couverte pour 1 personne : Design Humain&rdquo;\" data-quantity=\"1\" data-product_id=\"340\" data-product_sku=\"\" data-price=\"39\" rel=\"nofollow\" class=\"wp-block-button__link wp-element-button add_to_cart_button ajax_add_to_cart\">Ajouter au panier<\/a><\/div>\n\t\t\t<\/li><li class=\"wc-block-grid__product\">\n\t\t\t\t<a href=\"https:\/\/chrysaelle.fr\/?product=connaissance-de-soi-et-son-enfant-en-conscience-pour-2-personnes-design-humain\" class=\"wc-block-grid__product-link\">\n\t\t\t\t\t\n\t\t\t\t\t<div class=\"wc-block-grid__product-image\"><img loading=\"lazy\" decoding=\"async\" width=\"300\" height=\"300\" src=\"https:\/\/chrysaelle.fr\/wp-content\/uploads\/2025\/09\/web_aquarelle_apaisement_c-300x300.png\" class=\"attachment-woocommerce_thumbnail size-woocommerce_thumbnail\" alt=\"Connaissance de soi et son enfant en conscience pour 2 personnes : Design Humain\" srcset=\"https:\/\/chrysaelle.fr\/wp-content\/uploads\/2025\/09\/web_aquarelle_apaisement_c-300x300.png 300w, https:\/\/chrysaelle.fr\/wp-content\/uploads\/2025\/09\/web_aquarelle_apaisement_c-150x150.png 150w, https:\/\/chrysaelle.fr\/wp-content\/uploads\/2025\/09\/web_aquarelle_apaisement_c-600x600.png 600w, https:\/\/chrysaelle.fr\/wp-content\/uploads\/2025\/09\/web_aquarelle_apaisement_c-100x100.png 100w, https:\/\/chrysaelle.fr\/wp-content\/uploads\/2025\/09\/web_aquarelle_apaisement_c.png 634w\" sizes=\"auto, (max-width: 300px) 100vw, 300px\" \/><\/div>\n\t\t\t\t\t<div class=\"wc-block-grid__product-title\">Connaissance de soi et son enfant en conscience pour 2 personnes : Design Humain<\/div>\n\t\t\t\t<\/a>\n\t\t\t\t<div class=\"wc-block-grid__product-price price\"><span class=\"woocommerce-Price-amount amount\">289,00&nbsp;<span class=\"woocommerce-Price-currencySymbol\">&euro;<\/span><\/span><\/div>\n\t\t\t\t\n\t\t\t\t<div class=\"wp-block-button wc-block-grid__product-add-to-cart\"><a href=\"\/index.php?rest_route=%2Fwp%2Fv2%2Fpages%2F8&#038;add-to-cart=309\" aria-label=\"Ajouter au panier\u00a0: &ldquo;Connaissance de soi et son enfant en conscience pour 2 personnes : Design Humain&rdquo;\" data-quantity=\"1\" data-product_id=\"309\" data-product_sku=\"\" data-price=\"289\" rel=\"nofollow\" class=\"wp-block-button__link wp-element-button add_to_cart_button ajax_add_to_cart\">Ajouter au panier<\/a><\/div>\n\t\t\t<\/li><li class=\"wc-block-grid__product\">\n\t\t\t\t<a href=\"https:\/\/chrysaelle.fr\/?product=accompagnement-bain-bebe-enveloppe\" class=\"wc-block-grid__product-link\">\n\t\t\t\t\t\n\t\t\t\t\t<div class=\"wc-block-grid__product-image\"><img loading=\"lazy\" decoding=\"async\" width=\"300\" height=\"300\" src=\"https:\/\/chrysaelle.fr\/wp-content\/uploads\/2025\/09\/web_aquarelle_bain_bb_c-300x300.png\" class=\"attachment-woocommerce_thumbnail size-woocommerce_thumbnail\" alt=\"Accompagnement bain b\u00e9b\u00e9 envelopp\u00e9\" srcset=\"https:\/\/chrysaelle.fr\/wp-content\/uploads\/2025\/09\/web_aquarelle_bain_bb_c-300x300.png 300w, https:\/\/chrysaelle.fr\/wp-content\/uploads\/2025\/09\/web_aquarelle_bain_bb_c-150x150.png 150w, https:\/\/chrysaelle.fr\/wp-content\/uploads\/2025\/09\/web_aquarelle_bain_bb_c-600x600.png 600w, https:\/\/chrysaelle.fr\/wp-content\/uploads\/2025\/09\/web_aquarelle_bain_bb_c-100x100.png 100w, https:\/\/chrysaelle.fr\/wp-content\/uploads\/2025\/09\/web_aquarelle_bain_bb_c.png 635w\" sizes=\"auto, (max-width: 300px) 100vw, 300px\" \/><\/div>\n\t\t\t\t\t<div class=\"wc-block-grid__product-title\">Accompagnement bain b\u00e9b\u00e9 envelopp\u00e9<\/div>\n\t\t\t\t<\/a>\n\t\t\t\t<div class=\"wc-block-grid__product-price price\"><span class=\"woocommerce-Price-amount amount\">59,00&nbsp;<span class=\"woocommerce-Price-currencySymbol\">&euro;<\/span><\/span><\/div>\n\t\t\t\t\n\t\t\t\t<div class=\"wp-block-button wc-block-grid__product-add-to-cart\"><a href=\"\/index.php?rest_route=%2Fwp%2Fv2%2Fpages%2F8&#038;add-to-cart=307\" aria-label=\"Ajouter au panier\u00a0: &ldquo;Accompagnement bain b\u00e9b\u00e9 envelopp\u00e9&rdquo;\" data-quantity=\"1\" data-product_id=\"307\" data-product_sku=\"\" data-price=\"59\" rel=\"nofollow\" class=\"wp-block-button__link wp-element-button add_to_cart_button ajax_add_to_cart\">Ajouter au panier<\/a><\/div>\n\t\t\t<\/li><li class=\"wc-block-grid__product\">\n\t\t\t\t<a href=\"https:\/\/chrysaelle.fr\/?product=accompagnement-allaitement-instinctif-apres-la-naissance-de-bebe\" class=\"wc-block-grid__product-link\">\n\t\t\t\t\t\n\t\t\t\t\t<div class=\"wc-block-grid__product-image\"><img loading=\"lazy\" decoding=\"async\" width=\"300\" height=\"300\" src=\"https:\/\/chrysaelle.fr\/wp-content\/uploads\/2025\/09\/web_aquarelle_allaitement_c-300x300.png\" class=\"attachment-woocommerce_thumbnail size-woocommerce_thumbnail\" alt=\"Accompagnement allaitement instinctif apr\u00e8s la naissance de b\u00e9b\u00e9\" srcset=\"https:\/\/chrysaelle.fr\/wp-content\/uploads\/2025\/09\/web_aquarelle_allaitement_c-300x300.png 300w, https:\/\/chrysaelle.fr\/wp-content\/uploads\/2025\/09\/web_aquarelle_allaitement_c-150x150.png 150w, https:\/\/chrysaelle.fr\/wp-content\/uploads\/2025\/09\/web_aquarelle_allaitement_c-600x601.png 600w, https:\/\/chrysaelle.fr\/wp-content\/uploads\/2025\/09\/web_aquarelle_allaitement_c-100x100.png 100w, https:\/\/chrysaelle.fr\/wp-content\/uploads\/2025\/09\/web_aquarelle_allaitement_c.png 634w\" sizes=\"auto, (max-width: 300px) 100vw, 300px\" \/><\/div>\n\t\t\t\t\t<div class=\"wc-block-grid__product-title\">Accompagnement allaitement instinctif apr\u00e8s la naissance de b\u00e9b\u00e9<\/div>\n\t\t\t\t<\/a>\n\t\t\t\t<div class=\"wc-block-grid__product-price price\"><span class=\"woocommerce-Price-amount amount\">69,00&nbsp;<span class=\"woocommerce-Price-currencySymbol\">&euro;<\/span><\/span><\/div>\n\t\t\t\t\n\t\t\t\t<div class=\"wp-block-button wc-block-grid__product-add-to-cart\"><a href=\"\/index.php?rest_route=%2Fwp%2Fv2%2Fpages%2F8&#038;add-to-cart=306\" aria-label=\"Ajouter au panier\u00a0: &ldquo;Accompagnement allaitement instinctif apr\u00e8s la naissance de b\u00e9b\u00e9&rdquo;\" data-quantity=\"1\" data-product_id=\"306\" data-product_sku=\"\" data-price=\"69\" rel=\"nofollow\" class=\"wp-block-button__link wp-element-button add_to_cart_button ajax_add_to_cart\">Ajouter au panier<\/a><\/div>\n\t\t\t<\/li><\/ul><\/div><\/div>\n<\/div>\n","protected":false},"excerpt":{"rendered":"","protected":false},"author":1,"featured_media":0,"parent":0,"menu_order":0,"comment_status":"closed","ping_status":"closed","template":"","meta":{"footnotes":""},"class_list":["post-8","page","type-page","status-publish","hentry"],"jetpack_sharing_enabled":true,"_links":{"self":[{"href":"https:\/\/chrysaelle.fr\/index.php?rest_route=\/wp\/v2\/pages\/8","targetHints":{"allow":["GET"]}}],"collection":[{"href":"https:\/\/chrysaelle.fr\/index.php?rest_route=\/wp\/v2\/pages"}],"about":[{"href":"https:\/\/chrysaelle.fr\/index.php?rest_route=\/wp\/v2\/types\/page"}],"author":[{"embeddable":true,"href":"https:\/\/chrysaelle.fr\/index.php?rest_route=\/wp\/v2\/users\/1"}],"replies":[{"embeddable":true,"href":"https:\/\/chrysaelle.fr\/index.php?rest_route=%2Fwp%2Fv2%2Fcomments&post=8"}],"version-history":[{"count":1,"href":"https:\/\/chrysaelle.fr\/index.php?rest_route=\/wp\/v2\/pages\/8\/revisions"}],"predecessor-version":[{"id":12,"href":"https:\/\/chrysaelle.fr\/index.php?rest_route=\/wp\/v2\/pages\/8\/revisions\/12"}],"wp:attachment":[{"href":"https:\/\/chrysaelle.fr\/index.php?rest_route=%2Fwp%2Fv2%2Fmedia&parent=8"}],"curies":[{"name":"wp","href":"https:\/\/api.w.org\/{rel}","templated":true}]}}