{"id":19,"date":"2025-09-07T14:27:02","date_gmt":"2025-09-07T14:27:02","guid":{"rendered":"http:\/\/chrysaelle.fr\/?post_type=product&#038;p=19"},"modified":"2025-10-26T15:34:30","modified_gmt":"2025-10-26T14:34:30","slug":"soin-bain-bebe-enveloppe","status":"publish","type":"product","link":"https:\/\/chrysaelle.fr\/?product=soin-bain-bebe-enveloppe","title":{"rendered":"Accompagnement bain b\u00e9b\u00e9 envelopp\u00e9 + bain libre + initiation massage"},"content":{"rendered":"<p><strong>Un v\u00e9ritable cocon de douceur o\u00f9 b\u00e9b\u00e9 retrouve les sensations rassurantes du ventre maternel, berc\u00e9 dans l&rsquo;eau ti\u00e8de, envelopp\u00e9 et contenu&#8230; Un moment suspendu, pour apaiser les premi\u00e8res m\u00e9moires de naissance et tisser un lien profond entre parent et enfant.<\/strong><\/p>\n<p>La dur\u00e9e est d&rsquo;environ 1h45. Pr\u00e9voir une disponibilit\u00e9 d&rsquo;environ 2h15 au total \u00e0 partir de l&rsquo;heure de r\u00e9servation.<\/p>\n<p>Je peux utiliser si vous le souhaitez le Design Humain pour aller plus en profondeur dans mes accompagnements. Vous pouvez me l&rsquo;indiquer au moment du choix de votre cr\u00e9neau horaire.<\/p>\n","protected":false},"excerpt":{"rendered":"<p><strong>Un v\u00e9ritable cocon de douceur o\u00f9 b\u00e9b\u00e9 retrouve les sensations rassurantes du ventre maternel, berc\u00e9 dans l&rsquo;eau ti\u00e8de, envelopp\u00e9 et contenu&#8230; Un moment suspendu, pour apaiser les premi\u00e8res m\u00e9moires de naissance et tisser un lien profond entre parent et enfant.<\/strong><\/p>\n","protected":false},"featured_media":222,"template":"","meta":[],"product_brand":[],"product_cat":[32,19],"product_tag":[30,21],"class_list":{"0":"post-19","1":"product","2":"type-product","3":"status-publish","4":"has-post-thumbnail","6":"product_cat-bien-etre","7":"product_cat-soins-bebe","8":"product_tag-accompagnement","9":"product_tag-bebe","11":"first","12":"instock","13":"shipping-taxable","14":"purchasable","15":"product-type-simple"},"jetpack_sharing_enabled":true,"_links":{"self":[{"href":"https:\/\/chrysaelle.fr\/index.php?rest_route=\/wp\/v2\/product\/19","targetHints":{"allow":["GET"]}}],"collection":[{"href":"https:\/\/chrysaelle.fr\/index.php?rest_route=\/wp\/v2\/product"}],"about":[{"href":"https:\/\/chrysaelle.fr\/index.php?rest_route=\/wp\/v2\/types\/product"}],"wp:featuredmedia":[{"embeddable":true,"href":"https:\/\/chrysaelle.fr\/index.php?rest_route=\/wp\/v2\/media\/222"}],"wp:attachment":[{"href":"https:\/\/chrysaelle.fr\/index.php?rest_route=%2Fwp%2Fv2%2Fmedia&parent=19"}],"wp:term":[{"taxonomy":"product_brand","embeddable":true,"href":"https:\/\/chrysaelle.fr\/index.php?rest_route=%2Fwp%2Fv2%2Fproduct_brand&post=19"},{"taxonomy":"product_cat","embeddable":true,"href":"https:\/\/chrysaelle.fr\/index.php?rest_route=%2Fwp%2Fv2%2Fproduct_cat&post=19"},{"taxonomy":"product_tag","embeddable":true,"href":"https:\/\/chrysaelle.fr\/index.php?rest_route=%2Fwp%2Fv2%2Fproduct_tag&post=19"}],"curies":[{"name":"wp","href":"https:\/\/api.w.org\/{rel}","templated":true}]}}