{"id":24,"date":"2025-09-07T14:52:06","date_gmt":"2025-09-07T14:52:06","guid":{"rendered":"http:\/\/chrysaelle.fr\/?post_type=product&#038;p=24"},"modified":"2025-10-03T21:23:09","modified_gmt":"2025-10-03T19:23:09","slug":"soin-yoga-prenatal","status":"publish","type":"product","link":"https:\/\/chrysaelle.fr\/?product=soin-yoga-prenatal","title":{"rendered":"Accompagnement yoga pr\u00e9natal"},"content":{"rendered":"<p><strong>Un moment sacr\u00e9 pour se connecter \u00e0 son b\u00e9b\u00e9, respirer, s&rsquo;ancrer et accueillir chaque transformation en douceur.<\/strong><\/p>\n<p>La dur\u00e9e est d&rsquo;environ 50 minutes. Pr\u00e9voir une disponibilit\u00e9 d&rsquo;environ 1h15 au total \u00e0 partir de l&rsquo;heure de r\u00e9servation.<\/p>\n<p>Je peux utiliser si vous le souhaitez le Design Humain pour aller plus en profondeur dans mes accompagnements. Vous pouvez me l&rsquo;indiquer au moment du choix de votre cr\u00e9neau horaire.<\/p>\n","protected":false},"excerpt":{"rendered":"<p><strong>Un moment sacr\u00e9 pour se connecter \u00e0 son b\u00e9b\u00e9, respirer, s&rsquo;ancrer et accueillir chaque transformation en douceur.<\/strong><\/p>\n","protected":false},"featured_media":229,"template":"","meta":[],"product_brand":[],"product_cat":[22],"product_tag":[30,24,23],"class_list":{"0":"post-24","1":"product","2":"type-product","3":"status-publish","4":"has-post-thumbnail","6":"product_cat-soins-femme-enceinte","7":"product_tag-accompagnement","8":"product_tag-prenatal","9":"product_tag-yoga","11":"first","12":"instock","13":"shipping-taxable","14":"purchasable","15":"product-type-simple"},"jetpack_sharing_enabled":true,"_links":{"self":[{"href":"https:\/\/chrysaelle.fr\/index.php?rest_route=\/wp\/v2\/product\/24","targetHints":{"allow":["GET"]}}],"collection":[{"href":"https:\/\/chrysaelle.fr\/index.php?rest_route=\/wp\/v2\/product"}],"about":[{"href":"https:\/\/chrysaelle.fr\/index.php?rest_route=\/wp\/v2\/types\/product"}],"wp:featuredmedia":[{"embeddable":true,"href":"https:\/\/chrysaelle.fr\/index.php?rest_route=\/wp\/v2\/media\/229"}],"wp:attachment":[{"href":"https:\/\/chrysaelle.fr\/index.php?rest_route=%2Fwp%2Fv2%2Fmedia&parent=24"}],"wp:term":[{"taxonomy":"product_brand","embeddable":true,"href":"https:\/\/chrysaelle.fr\/index.php?rest_route=%2Fwp%2Fv2%2Fproduct_brand&post=24"},{"taxonomy":"product_cat","embeddable":true,"href":"https:\/\/chrysaelle.fr\/index.php?rest_route=%2Fwp%2Fv2%2Fproduct_cat&post=24"},{"taxonomy":"product_tag","embeddable":true,"href":"https:\/\/chrysaelle.fr\/index.php?rest_route=%2Fwp%2Fv2%2Fproduct_tag&post=24"}],"curies":[{"name":"wp","href":"https:\/\/api.w.org\/{rel}","templated":true}]}}