{"id":70,"date":"2025-09-19T14:03:04","date_gmt":"2025-09-19T12:03:04","guid":{"rendered":"https:\/\/chrysaelle.fr\/?post_type=product&#038;p=70"},"modified":"2025-10-26T15:34:09","modified_gmt":"2025-10-26T14:34:09","slug":"accompagnement-reflexologie-plantaire-pediatrique","status":"publish","type":"product","link":"https:\/\/chrysaelle.fr\/?product=accompagnement-reflexologie-plantaire-pediatrique","title":{"rendered":"Accompagnement r\u00e9flexologie plantaire p\u00e9diatrique"},"content":{"rendered":"<p><strong>Un moment enveloppant et rassurant, ou chaque pression devient un message d&rsquo;amour et d&rsquo;apaisement pour aider votre enfant \u00e0 s&rsquo;apaiser des petits maux du quotidien et retrouver \u00e9quilibre et s\u00e9r\u00e9nit\u00e9.<\/strong><\/p>\n<p>La dur\u00e9e est d&rsquo;environ 50 minutes. Pr\u00e9voir une disponibilit\u00e9 d&rsquo;environ 1h15 au total \u00e0 partir de l&rsquo;heure de r\u00e9servation.<\/p>\n<p>Je peux utiliser si vous le souhaitez le Design Humain pour aller plus en profondeur dans mes accompagnements. Vous pouvez me l&rsquo;indiquer au moment du choix de votre cr\u00e9neau horaire.<\/p>\n","protected":false},"excerpt":{"rendered":"<p><strong>Un moment enveloppant et rassurant, ou chaque pression devient un message d&rsquo;amour et d&rsquo;apaisement pour aider votre enfant \u00e0 s&rsquo;apaiser des petits maux du quotidien et retrouver \u00e9quilibre et s\u00e9r\u00e9nit\u00e9.<\/strong><\/p>\n","protected":false},"featured_media":227,"template":"","meta":[],"product_brand":[],"product_cat":[32,19,33],"product_tag":[30,21],"class_list":{"0":"post-70","1":"product","2":"type-product","3":"status-publish","4":"has-post-thumbnail","6":"product_cat-bien-etre","7":"product_cat-soins-bebe","8":"product_cat-soins-enfant","9":"product_tag-accompagnement","10":"product_tag-bebe","12":"first","13":"instock","14":"shipping-taxable","15":"purchasable","16":"product-type-simple"},"jetpack_sharing_enabled":true,"_links":{"self":[{"href":"https:\/\/chrysaelle.fr\/index.php?rest_route=\/wp\/v2\/product\/70","targetHints":{"allow":["GET"]}}],"collection":[{"href":"https:\/\/chrysaelle.fr\/index.php?rest_route=\/wp\/v2\/product"}],"about":[{"href":"https:\/\/chrysaelle.fr\/index.php?rest_route=\/wp\/v2\/types\/product"}],"wp:featuredmedia":[{"embeddable":true,"href":"https:\/\/chrysaelle.fr\/index.php?rest_route=\/wp\/v2\/media\/227"}],"wp:attachment":[{"href":"https:\/\/chrysaelle.fr\/index.php?rest_route=%2Fwp%2Fv2%2Fmedia&parent=70"}],"wp:term":[{"taxonomy":"product_brand","embeddable":true,"href":"https:\/\/chrysaelle.fr\/index.php?rest_route=%2Fwp%2Fv2%2Fproduct_brand&post=70"},{"taxonomy":"product_cat","embeddable":true,"href":"https:\/\/chrysaelle.fr\/index.php?rest_route=%2Fwp%2Fv2%2Fproduct_cat&post=70"},{"taxonomy":"product_tag","embeddable":true,"href":"https:\/\/chrysaelle.fr\/index.php?rest_route=%2Fwp%2Fv2%2Fproduct_tag&post=70"}],"curies":[{"name":"wp","href":"https:\/\/api.w.org\/{rel}","templated":true}]}}