{"id":71,"date":"2025-09-19T14:05:55","date_gmt":"2025-09-19T12:05:55","guid":{"rendered":"https:\/\/chrysaelle.fr\/?post_type=product&#038;p=71"},"modified":"2025-10-26T15:33:47","modified_gmt":"2025-10-26T14:33:47","slug":"accompagnement-a-la-diversification-alimentaire-menee-par-lenfant-dme","status":"publish","type":"product","link":"https:\/\/chrysaelle.fr\/?product=accompagnement-a-la-diversification-alimentaire-menee-par-lenfant-dme","title":{"rendered":"Accompagnement \u00e0 la diversification alimentaire men\u00e9e par l&rsquo;enfant (DME)"},"content":{"rendered":"<p><strong>Accompagner b\u00e9b\u00e9 dans la d\u00e9couverte des aliments en respectant ses besoins, ses signaux et son rythme int\u00e9rieur, en toute s\u00e9curit\u00e9.<\/strong><\/p>\n<p>La dur\u00e9e est d&rsquo;environ 1h30. Pr\u00e9voir une disponibilit\u00e9 d&rsquo;environ 1h45 au total \u00e0 partir de l&rsquo;heure de r\u00e9servation.<\/p>\n<p>Je peux utiliser si vous le souhaitez le Design Humain pour aller plus en profondeur dans mes accompagnements. Vous pouvez me l&rsquo;indiquer au moment du choix de votre cr\u00e9neau horaire.<\/p>\n","protected":false},"excerpt":{"rendered":"<p><strong>Accompagner b\u00e9b\u00e9 dans la d\u00e9couverte des aliments en respectant ses besoins, ses signaux et son rythme int\u00e9rieur, en toute s\u00e9curit\u00e9.<\/strong><\/p>\n","protected":false},"featured_media":223,"template":"","meta":[],"product_brand":[],"product_cat":[19],"product_tag":[30,21,29],"class_list":{"0":"post-71","1":"product","2":"type-product","3":"status-publish","4":"has-post-thumbnail","6":"product_cat-soins-bebe","7":"product_tag-accompagnement","8":"product_tag-bebe","9":"product_tag-enfant","11":"first","12":"instock","13":"shipping-taxable","14":"purchasable","15":"product-type-simple"},"jetpack_sharing_enabled":true,"_links":{"self":[{"href":"https:\/\/chrysaelle.fr\/index.php?rest_route=\/wp\/v2\/product\/71","targetHints":{"allow":["GET"]}}],"collection":[{"href":"https:\/\/chrysaelle.fr\/index.php?rest_route=\/wp\/v2\/product"}],"about":[{"href":"https:\/\/chrysaelle.fr\/index.php?rest_route=\/wp\/v2\/types\/product"}],"wp:featuredmedia":[{"embeddable":true,"href":"https:\/\/chrysaelle.fr\/index.php?rest_route=\/wp\/v2\/media\/223"}],"wp:attachment":[{"href":"https:\/\/chrysaelle.fr\/index.php?rest_route=%2Fwp%2Fv2%2Fmedia&parent=71"}],"wp:term":[{"taxonomy":"product_brand","embeddable":true,"href":"https:\/\/chrysaelle.fr\/index.php?rest_route=%2Fwp%2Fv2%2Fproduct_brand&post=71"},{"taxonomy":"product_cat","embeddable":true,"href":"https:\/\/chrysaelle.fr\/index.php?rest_route=%2Fwp%2Fv2%2Fproduct_cat&post=71"},{"taxonomy":"product_tag","embeddable":true,"href":"https:\/\/chrysaelle.fr\/index.php?rest_route=%2Fwp%2Fv2%2Fproduct_tag&post=71"}],"curies":[{"name":"wp","href":"https:\/\/api.w.org\/{rel}","templated":true}]}}