{"id":73,"date":"2025-09-19T14:10:47","date_gmt":"2025-09-19T12:10:47","guid":{"rendered":"https:\/\/chrysaelle.fr\/?post_type=product&#038;p=73"},"modified":"2025-10-26T15:33:15","modified_gmt":"2025-10-26T14:33:15","slug":"accompagnement-massage-parents-bebe-et-ou-enfant","status":"publish","type":"product","link":"https:\/\/chrysaelle.fr\/?product=accompagnement-massage-parents-bebe-et-ou-enfant","title":{"rendered":"Accompagnement massage parents, b\u00e9b\u00e9 et \/ ou enfant"},"content":{"rendered":"<p><strong>Un moment de tendresse partag\u00e9e pour nourrir le lien, apaiser les \u00e9motions, un langage du coeur.<\/strong><\/p>\n<p>La dur\u00e9e est d&rsquo;environ 1h. Pr\u00e9voir une disponibilit\u00e9 d&rsquo;environ 1h30 au total \u00e0 partir de l&rsquo;heure de r\u00e9servation.<\/p>\n<p>L&rsquo;huile de massage utilis\u00e9e est certifi\u00e9e Bio et origine France.<\/p>\n<p>Je peux utiliser si vous le souhaitez le Design Humain pour aller plus en profondeur dans mes accompagnements. Vous pouvez me l&rsquo;indiquer au moment du choix de votre cr\u00e9neau horaire.<\/p>\n","protected":false},"excerpt":{"rendered":"<p><strong>Un moment de tendresse partag\u00e9e pour nourrir le lien, apaiser les \u00e9motions, un langage du coeur.<\/strong><\/p>\n","protected":false},"featured_media":224,"template":"","meta":[],"product_brand":[],"product_cat":[32,34,19,33],"product_tag":[30,21,29,26,31],"class_list":{"0":"post-73","1":"product","2":"type-product","3":"status-publish","4":"has-post-thumbnail","6":"product_cat-bien-etre","7":"product_cat-soins-adultes","8":"product_cat-soins-bebe","9":"product_cat-soins-enfant","10":"product_tag-accompagnement","11":"product_tag-bebe","12":"product_tag-enfant","13":"product_tag-massage","14":"product_tag-parent","16":"first","17":"instock","18":"shipping-taxable","19":"purchasable","20":"product-type-simple"},"jetpack_sharing_enabled":true,"_links":{"self":[{"href":"https:\/\/chrysaelle.fr\/index.php?rest_route=\/wp\/v2\/product\/73","targetHints":{"allow":["GET"]}}],"collection":[{"href":"https:\/\/chrysaelle.fr\/index.php?rest_route=\/wp\/v2\/product"}],"about":[{"href":"https:\/\/chrysaelle.fr\/index.php?rest_route=\/wp\/v2\/types\/product"}],"wp:featuredmedia":[{"embeddable":true,"href":"https:\/\/chrysaelle.fr\/index.php?rest_route=\/wp\/v2\/media\/224"}],"wp:attachment":[{"href":"https:\/\/chrysaelle.fr\/index.php?rest_route=%2Fwp%2Fv2%2Fmedia&parent=73"}],"wp:term":[{"taxonomy":"product_brand","embeddable":true,"href":"https:\/\/chrysaelle.fr\/index.php?rest_route=%2Fwp%2Fv2%2Fproduct_brand&post=73"},{"taxonomy":"product_cat","embeddable":true,"href":"https:\/\/chrysaelle.fr\/index.php?rest_route=%2Fwp%2Fv2%2Fproduct_cat&post=73"},{"taxonomy":"product_tag","embeddable":true,"href":"https:\/\/chrysaelle.fr\/index.php?rest_route=%2Fwp%2Fv2%2Fproduct_tag&post=73"}],"curies":[{"name":"wp","href":"https:\/\/api.w.org\/{rel}","templated":true}]}}