{"id":74,"date":"2025-09-19T14:14:28","date_gmt":"2025-09-19T12:14:28","guid":{"rendered":"https:\/\/chrysaelle.fr\/?post_type=product&#038;p=74"},"modified":"2025-10-26T15:32:57","modified_gmt":"2025-10-26T14:32:57","slug":"relaxation-massage-des-mamans","status":"publish","type":"product","link":"https:\/\/chrysaelle.fr\/?product=relaxation-massage-des-mamans","title":{"rendered":"Relaxation massage des mamans"},"content":{"rendered":"<p><strong>Un moment pr\u00e9cieux pour prendre soin de soi, rel\u00e2cher les tensions et retrouver \u00e9nergie et s\u00e9r\u00e9nit\u00e9.<\/strong><\/p>\n<p>La dur\u00e9e est d&rsquo;environ 1h (hors temps d&rsquo;installation et de rangement). Pr\u00e9voir une disponibilit\u00e9 d&rsquo;environ 1h45 au total \u00e0 partir de l&rsquo;heure de r\u00e9servation.<\/p>\n<p>L&rsquo;huile de massage utilis\u00e9e est certifi\u00e9e Bio et origine France.<\/p>\n<p>Je peux utiliser si vous le souhaitez le Design Humain pour aller plus en profondeur dans mes accompagnements.\u00a0Vous pouvez me l&rsquo;indiquer au moment du choix de votre cr\u00e9neau horaire.<\/p>\n<p><strong>Attention : cette prestation n\u00e9cessite obligatoirement de pouvoir se garer en voiture \u00e0 c\u00f4t\u00e9 de l&rsquo;entr\u00e9e de votre domicile ainsi qu&rsquo;un acc\u00e8s de plain-pied + ascenseur fonctionnel si logement dans un \u00e9tage.<\/strong><\/p>\n","protected":false},"excerpt":{"rendered":"<p><strong>Un moment pr\u00e9cieux pour prendre soin de soi, rel\u00e2cher les tensions et retrouver \u00e9nergie et s\u00e9r\u00e9nit\u00e9.<\/strong><\/p>\n<p>Attention restrictions : voir ci-dessous.<\/p>\n","protected":false},"featured_media":225,"template":"","meta":[],"product_brand":[],"product_cat":[32,34],"product_tag":[27,26,28],"class_list":{"0":"post-74","1":"product","2":"type-product","3":"status-publish","4":"has-post-thumbnail","6":"product_cat-bien-etre","7":"product_cat-soins-adultes","8":"product_tag-maman","9":"product_tag-massage","10":"product_tag-relaxation","12":"first","13":"instock","14":"shipping-taxable","15":"purchasable","16":"product-type-simple"},"jetpack_sharing_enabled":true,"_links":{"self":[{"href":"https:\/\/chrysaelle.fr\/index.php?rest_route=\/wp\/v2\/product\/74","targetHints":{"allow":["GET"]}}],"collection":[{"href":"https:\/\/chrysaelle.fr\/index.php?rest_route=\/wp\/v2\/product"}],"about":[{"href":"https:\/\/chrysaelle.fr\/index.php?rest_route=\/wp\/v2\/types\/product"}],"wp:featuredmedia":[{"embeddable":true,"href":"https:\/\/chrysaelle.fr\/index.php?rest_route=\/wp\/v2\/media\/225"}],"wp:attachment":[{"href":"https:\/\/chrysaelle.fr\/index.php?rest_route=%2Fwp%2Fv2%2Fmedia&parent=74"}],"wp:term":[{"taxonomy":"product_brand","embeddable":true,"href":"https:\/\/chrysaelle.fr\/index.php?rest_route=%2Fwp%2Fv2%2Fproduct_brand&post=74"},{"taxonomy":"product_cat","embeddable":true,"href":"https:\/\/chrysaelle.fr\/index.php?rest_route=%2Fwp%2Fv2%2Fproduct_cat&post=74"},{"taxonomy":"product_tag","embeddable":true,"href":"https:\/\/chrysaelle.fr\/index.php?rest_route=%2Fwp%2Fv2%2Fproduct_tag&post=74"}],"curies":[{"name":"wp","href":"https:\/\/api.w.org\/{rel}","templated":true}]}}