{"id":75,"date":"2025-09-19T14:16:08","date_gmt":"2025-09-19T12:16:08","guid":{"rendered":"https:\/\/chrysaelle.fr\/?post_type=product&#038;p=75"},"modified":"2025-10-26T15:32:40","modified_gmt":"2025-10-26T14:32:40","slug":"apaisement-emotionnel-energetique-parent-ou-enfant","status":"publish","type":"product","link":"https:\/\/chrysaelle.fr\/?product=apaisement-emotionnel-energetique-parent-ou-enfant","title":{"rendered":"Apaisement \u00e9motionnel \u00e9nerg\u00e9tique parent ou enfant : Reiki"},"content":{"rendered":"<p><strong>Un moment d&rsquo;\u00e9coute profond pour accueillir les \u00e9motions, lib\u00e9rer les blocages et reconnecter \u00e0 sa force int\u00e9rieure.<\/strong><\/p>\n<p>La dur\u00e9e est d&rsquo;environ 1h. Pr\u00e9voir une disponibilit\u00e9 d&rsquo;environ 1h15 au total \u00e0 partir de l&rsquo;heure de r\u00e9servation.<\/p>\n<p>Je peux utiliser si vous le souhaitez le Design Humain pour aller plus en profondeur dans mes accompagnements. Vous pouvez me l&rsquo;indiquer au moment du choix de votre cr\u00e9neau horaire.<\/p>\n","protected":false},"excerpt":{"rendered":"<p><strong>Un moment d&rsquo;\u00e9coute profond pour accueillir les \u00e9motions, lib\u00e9rer les blocages et reconnecter \u00e0 sa force int\u00e9rieure.<\/strong><\/p>\n","protected":false},"featured_media":221,"template":"","meta":[],"product_brand":[],"product_cat":[32,34,33],"product_tag":[29,31,28],"class_list":{"0":"post-75","1":"product","2":"type-product","3":"status-publish","4":"has-post-thumbnail","6":"product_cat-bien-etre","7":"product_cat-soins-adultes","8":"product_cat-soins-enfant","9":"product_tag-enfant","10":"product_tag-parent","11":"product_tag-relaxation","13":"first","14":"instock","15":"shipping-taxable","16":"purchasable","17":"product-type-simple"},"jetpack_sharing_enabled":true,"_links":{"self":[{"href":"https:\/\/chrysaelle.fr\/index.php?rest_route=\/wp\/v2\/product\/75","targetHints":{"allow":["GET"]}}],"collection":[{"href":"https:\/\/chrysaelle.fr\/index.php?rest_route=\/wp\/v2\/product"}],"about":[{"href":"https:\/\/chrysaelle.fr\/index.php?rest_route=\/wp\/v2\/types\/product"}],"wp:featuredmedia":[{"embeddable":true,"href":"https:\/\/chrysaelle.fr\/index.php?rest_route=\/wp\/v2\/media\/221"}],"wp:attachment":[{"href":"https:\/\/chrysaelle.fr\/index.php?rest_route=%2Fwp%2Fv2%2Fmedia&parent=75"}],"wp:term":[{"taxonomy":"product_brand","embeddable":true,"href":"https:\/\/chrysaelle.fr\/index.php?rest_route=%2Fwp%2Fv2%2Fproduct_brand&post=75"},{"taxonomy":"product_cat","embeddable":true,"href":"https:\/\/chrysaelle.fr\/index.php?rest_route=%2Fwp%2Fv2%2Fproduct_cat&post=75"},{"taxonomy":"product_tag","embeddable":true,"href":"https:\/\/chrysaelle.fr\/index.php?rest_route=%2Fwp%2Fv2%2Fproduct_tag&post=75"}],"curies":[{"name":"wp","href":"https:\/\/api.w.org\/{rel}","templated":true}]}}