{"id":76,"date":"2025-09-19T14:18:28","date_gmt":"2025-09-19T12:18:28","guid":{"rendered":"https:\/\/chrysaelle.fr\/?post_type=product&#038;p=76"},"modified":"2026-03-27T21:43:09","modified_gmt":"2026-03-27T20:43:09","slug":"connaissance-de-soi-et-son-enfant-en-conscience-design-humain","status":"publish","type":"product","link":"https:\/\/chrysaelle.fr\/?product=connaissance-de-soi-et-son-enfant-en-conscience-design-humain","title":{"rendered":"Connaissance de soi et son enfant en conscience pour 1 personne : Design Humain"},"content":{"rendered":"<p><strong>Un doux voyage \u00e0 la rencontre de soi-m\u00eame, pour accueillir son unicit\u00e9, s&rsquo;aimer pleinement et accompagner sa famille en harmonie.<\/strong><\/p>\n<p><strong>J&rsquo;accompagne les parents, les femmes et les enfants aux \u00e9nergies sensibles et atypiques.<\/strong><\/p>\n<p>Prestation r\u00e9alis\u00e9e en 3 rendez-vous dont la dur\u00e9e est d&rsquo;environ 1h chacun (le 1er chez vous si vous habitez dans l&rsquo;une des communes dans lesquelles je me d\u00e9place et les 2 suivants \u00e0 distance, sinon les 3 RDV se font \u00e0 distance). Pr\u00e9voir une disponibilit\u00e9 d&rsquo;environ 1h30 au total \u00e0 partir de l&rsquo;heure de r\u00e9servation pour le RDV qui est en pr\u00e9sentiel.<\/p>\n","protected":false},"excerpt":{"rendered":"<p><strong>Un doux voyage \u00e0 la rencontre de soi-m\u00eame, pour accueillir son unicit\u00e9, s&rsquo;aimer pleinement et accompagner sa famille en harmonie.<\/strong><\/p>\n<p>&nbsp;<\/p>\n","protected":false},"featured_media":221,"template":"","meta":[],"product_brand":[],"product_cat":[32],"product_tag":[29,31],"class_list":{"0":"post-76","1":"product","2":"type-product","3":"status-publish","4":"has-post-thumbnail","6":"product_cat-bien-etre","7":"product_tag-enfant","8":"product_tag-parent","10":"first","11":"instock","12":"shipping-taxable","13":"purchasable","14":"product-type-simple"},"jetpack_sharing_enabled":true,"_links":{"self":[{"href":"https:\/\/chrysaelle.fr\/index.php?rest_route=\/wp\/v2\/product\/76","targetHints":{"allow":["GET"]}}],"collection":[{"href":"https:\/\/chrysaelle.fr\/index.php?rest_route=\/wp\/v2\/product"}],"about":[{"href":"https:\/\/chrysaelle.fr\/index.php?rest_route=\/wp\/v2\/types\/product"}],"wp:featuredmedia":[{"embeddable":true,"href":"https:\/\/chrysaelle.fr\/index.php?rest_route=\/wp\/v2\/media\/221"}],"wp:attachment":[{"href":"https:\/\/chrysaelle.fr\/index.php?rest_route=%2Fwp%2Fv2%2Fmedia&parent=76"}],"wp:term":[{"taxonomy":"product_brand","embeddable":true,"href":"https:\/\/chrysaelle.fr\/index.php?rest_route=%2Fwp%2Fv2%2Fproduct_brand&post=76"},{"taxonomy":"product_cat","embeddable":true,"href":"https:\/\/chrysaelle.fr\/index.php?rest_route=%2Fwp%2Fv2%2Fproduct_cat&post=76"},{"taxonomy":"product_tag","embeddable":true,"href":"https:\/\/chrysaelle.fr\/index.php?rest_route=%2Fwp%2Fv2%2Fproduct_tag&post=76"}],"curies":[{"name":"wp","href":"https:\/\/api.w.org\/{rel}","templated":true}]}}